{"id":101,"date":"2023-03-20T02:04:32","date_gmt":"2023-03-20T02:04:32","guid":{"rendered":"https:\/\/aml-logistik.de\/?page_id=101"},"modified":"2023-03-20T02:38:09","modified_gmt":"2023-03-20T02:38:09","slug":"aml-nachrichtenarchiv","status":"publish","type":"page","link":"https:\/\/aml-logistik.de\/en\/aml-nachrichtenarchiv\/","title":{"rendered":"AML Nachrichtenarchiv"},"content":{"rendered":"<h4 class=\"wp-block-heading\"><a href=\"https:\/\/aml-logistik.de\/en\/heinrich-koch-internationale-umzugs-und-archivlogistik\/\" data-type=\"page\" data-id=\"62\">Neuer Partner<\/a>&nbsp;am Montag, den 16. Dezember 2013<\/h4>\n\n\n\n<p>Wir freuen uns unseren neuen AML Partner in Osnabr\u00fcck begr\u00fc\u00dfen zu d\u00fcrfen. Die Heinrich Koch Internationale Umzugs-und Archivlogistik GmbH ist ein Familienunternehmen mit \u00fcber 700 Mitarbeitern.<\/p>\n\n\n\n<p><a href=\"https:\/\/aml-logistik.de\/en\/heinrich-koch-internationale-umzugs-und-archivlogistik\/\" data-type=\"page\" data-id=\"62\">weiterlesen<\/a><\/p>\n\n\n<a class=\"wp-block-read-more\" href=\"https:\/\/aml-logistik.de\/en\/aml-nachrichtenarchiv\/\" target=\"_self\">Read more<span class=\"screen-reader-text\">: AML Nachrichtenarchiv<\/span><\/a>\n\n\n<hr class=\"wp-block-separator has-alpha-channel-opacity is-style-wide\"\/>\n\n\n\n<h4 class=\"wp-block-heading\">Neuer Partner Hilbrans Umz\u00fcge &amp; Lagerei&nbsp;am Dienstag, den 11. Dezember 2012<\/h4>\n\n\n\n<p>Wir freuen uns unseren neuen AML Partner in Duisburg begr\u00fc\u00dfen zu d\u00fcrfen. Die Gerhard Hilbrans GmbH &amp; Co. KG ist ein modernes Unternehmen mit jahrzentelanger Erfahrung.<\/p>\n\n\n\n<p>weiterlesen<\/p>\n\n\n\n<hr class=\"wp-block-separator has-alpha-channel-opacity is-style-wide\"\/>\n\n\n\n<h4 class=\"wp-block-heading\"><a href=\"https:\/\/aml-logistik.de\/en\/presseartikel\/\" data-type=\"page\" data-id=\"96\">AML in der &#8222;Ruhr Wirtschaft&#8220;<\/a>&nbsp;am Dienstag, den 28. September 2010<\/h4>\n\n\n\n<p>Das regionale Wirtschaftsmagazin der IHK zu Dortmund berichtet \u00fcber den AML-Partner Buttkereit Logistik.<\/p>\n\n\n\n<p><a href=\"https:\/\/aml-logistik.de\/en\/presseartikel\/\" data-type=\"page\" data-id=\"96\">weiterlesen<\/a><\/p>\n\n\n\n<hr class=\"wp-block-separator has-alpha-channel-opacity is-style-wide\"\/>\n\n\n\n<h4 class=\"wp-block-heading\"><a href=\"https:\/\/aml-logistik.de\/en\/nachrichtenarchiv\/neuer-aml-film\/\" data-type=\"post\" data-id=\"106\">Neuer AML Film<\/a>\u00a0am Dienstag, den 21. Juli 2009<\/h4>\n\n\n\n<p>Der neue AML Film ist da. Sehen Sie selbst, wie unsere professionelle Aktenlagerung und -archivierung funktioniert.<\/p>\n\n\n\n<p><a href=\"https:\/\/aml-logistik.de\/en\/nachrichtenarchiv\/neuer-aml-film\/\" data-type=\"post\" data-id=\"106\">weiterlesen<\/a><\/p>\n\n\n\n<hr class=\"wp-block-separator has-alpha-channel-opacity is-style-wide\"\/>\n\n\n\n<h4 class=\"wp-block-heading\"><a href=\"https:\/\/aml-logistik.de\/en\/nachrichtenarchiv\/neue-internetprasenz\/\" data-type=\"post\" data-id=\"109\">Neue Internetpr\u00e4senz<\/a>\u00a0am Freitag, den 15. Mai 2009<\/h4>\n\n\n\n<p>Wir freuen uns Sie auf unserer neuen Internetpr\u00e4senz begr\u00fc\u00dfen zu d\u00fcrfen.<\/p>\n\n\n\n<p><a href=\"https:\/\/aml-logistik.de\/en\/nachrichtenarchiv\/neue-internetprasenz\/\" data-type=\"post\" data-id=\"109\">weiterlesen<\/a><\/p>","protected":false},"excerpt":{"rendered":"<p>Neuer Partner&nbsp;am Montag, den 16. Dezember 2013 Wir freuen uns unseren neuen AML Partner in Osnabr\u00fcck begr\u00fc\u00dfen zu d\u00fcrfen. Die Heinrich Koch Internationale Umzugs-und Archivlogistik GmbH ist ein Familienunternehmen mit \u00fcber 700 Mitarbeitern. weiterlesen Neuer Partner Hilbrans Umz\u00fcge &amp; Lagerei&nbsp;am Dienstag, den 11. Dezember 2012 Wir freuen uns unseren neuen AML Partner in Duisburg begr\u00fc\u00dfen [&hellip;]<\/p>\n","protected":false},"author":1,"featured_media":98,"parent":0,"menu_order":0,"comment_status":"closed","ping_status":"closed","template":"","meta":{"footnotes":""},"class_list":["post-101","page","type-page","status-publish","has-post-thumbnail","hentry"],"_links":{"self":[{"href":"https:\/\/aml-logistik.de\/en\/wp-json\/wp\/v2\/pages\/101","targetHints":{"allow":["GET"]}}],"collection":[{"href":"https:\/\/aml-logistik.de\/en\/wp-json\/wp\/v2\/pages"}],"about":[{"href":"https:\/\/aml-logistik.de\/en\/wp-json\/wp\/v2\/types\/page"}],"author":[{"embeddable":true,"href":"https:\/\/aml-logistik.de\/en\/wp-json\/wp\/v2\/users\/1"}],"replies":[{"embeddable":true,"href":"https:\/\/aml-logistik.de\/en\/wp-json\/wp\/v2\/comments?post=101"}],"version-history":[{"count":4,"href":"https:\/\/aml-logistik.de\/en\/wp-json\/wp\/v2\/pages\/101\/revisions"}],"predecessor-version":[{"id":115,"href":"https:\/\/aml-logistik.de\/en\/wp-json\/wp\/v2\/pages\/101\/revisions\/115"}],"wp:featuredmedia":[{"embeddable":true,"href":"https:\/\/aml-logistik.de\/en\/wp-json\/wp\/v2\/media\/98"}],"wp:attachment":[{"href":"https:\/\/aml-logistik.de\/en\/wp-json\/wp\/v2\/media?parent=101"}],"curies":[{"name":"wp","href":"https:\/\/api.w.org\/{rel}","templated":true}]}}