{"id":11,"date":"2023-03-10T08:54:43","date_gmt":"2023-03-10T08:54:43","guid":{"rendered":"https:\/\/aml-logistik.de\/?page_id=11"},"modified":"2023-03-20T04:34:20","modified_gmt":"2023-03-20T04:34:20","slug":"aktenentsorgung","status":"publish","type":"page","link":"https:\/\/aml-logistik.de\/en\/aktenentsorgung\/","title":{"rendered":"Destroying your documents"},"content":{"rendered":"<p>We don't just nearly shred old documents. We really shred them. According to the German industry standard DIN 66399.\n\nWe do this work in a sealed room and without external personnel.\n\nWe give you a written guarantee that we have destroyed your documents in such a way that no one will ever be able to piece them together again. And then ensure that what is left is disposed of in an environmentally friendly way.<\/p>\n\n\n\n<h3 class=\"wp-block-heading\">Advantages of professional file destruction<\/h3>\n\n\n\n<p>When AML destroy your documents they don't miss a single sheet of paper. And you get a written guarantee that you have fulfilled your legal obligation to dispose of sensitive information properly.<\/p>","protected":false},"excerpt":{"rendered":"<p>Sie m\u00f6chten nach Ablauf der Aufbewahrungsfrist sensible Daten sicher und vollst\u00e4ndig vernichten lassen? Dann wenden Sie sich an uns, damit nichts in die falschen H\u00e4nde ger\u00e4t: Wir vernichten Ihre Dokumente nach DIN 66399 mit unserer eigenen Anlage im geschlossenen Raum und mit eigenem Personal. Vorteile professioneller Aktenvernichtung Das bedeutet f\u00fcr Sie: Ihre Unterlagen werden garantiert [&hellip;]<\/p>\n","protected":false},"author":1,"featured_media":119,"parent":0,"menu_order":0,"comment_status":"closed","ping_status":"closed","template":"","meta":{"footnotes":""},"class_list":["post-11","page","type-page","status-publish","has-post-thumbnail","hentry"],"_links":{"self":[{"href":"https:\/\/aml-logistik.de\/en\/wp-json\/wp\/v2\/pages\/11","targetHints":{"allow":["GET"]}}],"collection":[{"href":"https:\/\/aml-logistik.de\/en\/wp-json\/wp\/v2\/pages"}],"about":[{"href":"https:\/\/aml-logistik.de\/en\/wp-json\/wp\/v2\/types\/page"}],"author":[{"embeddable":true,"href":"https:\/\/aml-logistik.de\/en\/wp-json\/wp\/v2\/users\/1"}],"replies":[{"embeddable":true,"href":"https:\/\/aml-logistik.de\/en\/wp-json\/wp\/v2\/comments?post=11"}],"version-history":[{"count":1,"href":"https:\/\/aml-logistik.de\/en\/wp-json\/wp\/v2\/pages\/11\/revisions"}],"predecessor-version":[{"id":13,"href":"https:\/\/aml-logistik.de\/en\/wp-json\/wp\/v2\/pages\/11\/revisions\/13"}],"wp:featuredmedia":[{"embeddable":true,"href":"https:\/\/aml-logistik.de\/en\/wp-json\/wp\/v2\/media\/119"}],"wp:attachment":[{"href":"https:\/\/aml-logistik.de\/en\/wp-json\/wp\/v2\/media?parent=11"}],"curies":[{"name":"wp","href":"https:\/\/api.w.org\/{rel}","templated":true}]}}