{"id":129,"date":"2023-03-20T06:08:05","date_gmt":"2023-03-20T06:08:05","guid":{"rendered":"https:\/\/aml-logistik.de\/?page_id=129"},"modified":"2023-05-24T14:10:19","modified_gmt":"2023-05-24T13:10:19","slug":"impressum","status":"publish","type":"page","link":"https:\/\/aml-logistik.de\/en\/impressum\/","title":{"rendered":"Imprint"},"content":{"rendered":"<h3 class=\"wp-block-heading\">AML GmbH &amp; Co. KG<\/h3>\n\n\n\n<p>Friedrich-Wilhelm-Deus-Str. 8<br>26135 Oldenburg<br>Bundesrepublik Deutschland<\/p>\n\n\n\n<p>Tel 0441 7 79 22 45<br>Fax 0441 7 79 22 46<br><a href=\"mailto:info@aml-logistik.de\">info@aml-logistik.de<\/a><\/p>\n\n\n\n<p>Amtsgericht Oldenburg, HRA 200356<br>USt-IdNr. DE249949846<br>Gesch\u00e4ftsf\u00fchrung: Jens Staschen<\/p>\n\n\n\n<p>Inhaltlich Verantwortlicher gem\u00e4\u00df \u00a7 55 RStV und \u00a7 5 TMG: Jens Staschen<\/p>\n\n\n\n<h3 class=\"wp-block-heading\">Weitere Angaben zum Impressum<\/h3>\n\n\n\n<h4 class=\"wp-block-heading\">Datenschutz:<\/h4>\n\n\n\n<p>Gem\u00e4\u00df \u00a728 BDSG widersprechen wir jeder kommerziellen Verwendung und jeder sonstigen Weitergabe und anderweitigen Ver\u00f6ffentlichung der hier stehenden Daten.<\/p>\n\n\n\n<h4 class=\"wp-block-heading\">Rechtshinweise:<\/h4>\n\n\n\n<p>Inhalte und Strukturen unserer Internetpr\u00e4senz sind urheberrechtlich gesch\u00fctzt. Die Vervielf\u00e4ltigung von Informationen oder Daten, insbesondere die Verwendung von Texten, Textteilen oder Bildmaterial, bedarf unserer vorherigen Zustimmung. Wenn nicht ausdr\u00fccklich anders vermerkt, liegen die Urheberrechte f\u00fcr Text, Bilder und Illustrationen beim Betreiber dieser Internetpr\u00e4senz (s.o.) und dessen Lizenzgebern.<\/p>\n\n\n\n<h4 class=\"wp-block-heading\">Keine Haftung:<\/h4>\n\n\n\n<p>Die Inhalte dieser Internetpr\u00e4senz wurden sorgf\u00e4ltig gepr\u00fcft und nach bestem Wissen erstellt. Aber f\u00fcr die hier dargebotenen Informationen wird kein Anspruch auf Vollst\u00e4ndigkeit, Aktualit\u00e4t, Qualit\u00e4t und Richtigkeit erhoben. Es kann keine Verantwortung f\u00fcr Sch\u00e4den \u00fcbernommen werden, die durch das Vertrauen auf die Inhalte dieser Website oder deren Gebrauch entstehen.<\/p>\n\n\n\n<h4 class=\"wp-block-heading\">Schutzrechtsverletzung:<\/h4>\n\n\n\n<p>Falls Sie vermuten, dass von dieser Website aus eines Ihrer Schutzrechte verletzt wird, teilen Sie das bitte umgehend per elektronischer Post mit, damit z\u00fcgig Abhilfe geschafft werden kann. Bitte nehmen Sie zur Kenntnis: Die zeitaufw\u00e4ndigere Einschaltung eines Anwaltes zur f\u00fcr den Diensteanbieter kostenpflichtigen Abmahnung entspricht nicht dessen wirklichen oder mutma\u00dflichen Willen.<\/p>\n\n\n\n<h4 class=\"wp-block-heading\">Verantwortungsbereich:<\/h4>\n\n\n\n<p>Das Impressum gilt nur f\u00fcr die Internetpr\u00e4senz unter der Adresse&nbsp;<a rel=\"noreferrer noopener\" href=\"https:\/\/aml-logistik.de\/en\/\" target=\"_blank\">www.aml-logistik.de<\/a>&nbsp;und den vorhandenen, sich im Besitz des Betreibers oder dessen Partnern befindlichen Domains, die auf diese Inhalte weiterleiten.<\/p>\n\n\n\n<h3 class=\"wp-block-heading\">Gestaltung und Umsetzung<\/h3>\n\n\n\n<p><a href=\"https:\/\/www.aml-it.de\/\" data-type=\"URL\" data-id=\"https:\/\/www.aml-it.de\/\" target=\"_blank\" rel=\"noreferrer noopener\">AML-IT\u00a0GmbH &amp; Co. KG<\/a>, Oldenburg<\/p>","protected":false},"excerpt":{"rendered":"<p>AML GmbH &amp; Co. KG Friedrich-Wilhelm-Deus-Str. 826135 OldenburgBundesrepublik Deutschland Tel 0441 7 79 22 45Fax 0441 7 79 22 46info@aml-logistik.de Amtsgericht Oldenburg, HRA 200356USt-IdNr. DE249949846Gesch\u00e4ftsf\u00fchrung: Jens Staschen Inhaltlich Verantwortlicher gem\u00e4\u00df \u00a7 55 RStV und \u00a7 5 TMG: Jens Staschen Weitere Angaben zum Impressum Datenschutz: Gem\u00e4\u00df \u00a728 BDSG widersprechen wir jeder kommerziellen Verwendung und jeder sonstigen [&hellip;]<\/p>\n","protected":false},"author":1,"featured_media":0,"parent":0,"menu_order":0,"comment_status":"closed","ping_status":"closed","template":"","meta":{"footnotes":""},"class_list":["post-129","page","type-page","status-publish","hentry"],"_links":{"self":[{"href":"https:\/\/aml-logistik.de\/en\/wp-json\/wp\/v2\/pages\/129","targetHints":{"allow":["GET"]}}],"collection":[{"href":"https:\/\/aml-logistik.de\/en\/wp-json\/wp\/v2\/pages"}],"about":[{"href":"https:\/\/aml-logistik.de\/en\/wp-json\/wp\/v2\/types\/page"}],"author":[{"embeddable":true,"href":"https:\/\/aml-logistik.de\/en\/wp-json\/wp\/v2\/users\/1"}],"replies":[{"embeddable":true,"href":"https:\/\/aml-logistik.de\/en\/wp-json\/wp\/v2\/comments?post=129"}],"version-history":[{"count":11,"href":"https:\/\/aml-logistik.de\/en\/wp-json\/wp\/v2\/pages\/129\/revisions"}],"predecessor-version":[{"id":203,"href":"https:\/\/aml-logistik.de\/en\/wp-json\/wp\/v2\/pages\/129\/revisions\/203"}],"wp:attachment":[{"href":"https:\/\/aml-logistik.de\/en\/wp-json\/wp\/v2\/media?parent=129"}],"curies":[{"name":"wp","href":"https:\/\/api.w.org\/{rel}","templated":true}]}}