{"id":14,"date":"2023-03-10T08:55:18","date_gmt":"2023-03-10T08:55:18","guid":{"rendered":"https:\/\/aml-logistik.de\/?page_id=14"},"modified":"2023-04-21T10:01:54","modified_gmt":"2023-04-21T10:01:54","slug":"archivumzug","status":"publish","type":"page","link":"https:\/\/aml-logistik.de\/en\/archivumzug\/","title":{"rendered":"Moving your archives"},"content":{"rendered":"<p>Anyone who has moved house knows that finding things after a move is rarely easy. We can move your whole archive without losing track of a single file. And place your files in a new location exactly according to your old system - or to any new system you choose. That way, if we are moving files from one office location to another, you will be able to find your documents easily and be up and running on Day One after your move.\n\nYou can even access your files while the move is taking place. And of course we use secure transport to make sure nothing can get lost in transit.<\/p>\n\n\n\n<h3 class=\"wp-block-heading\">Advantages of a professional archive mover:<\/h3>\n\n\n\n<p>Entrust your archive removal to professionals and ensure that not a single file gets lost.<\/p>","protected":false},"excerpt":{"rendered":"<p>Wir bewegen Ihr Archiv, als w\u00e4re nichts gewesen: Damit Ihre Akten, Dokumente und B\u00fccher vor, nach und sogar w\u00e4hrend eines Umzuges verf\u00fcgbar sind, sind Spezialisten gefragt. Wir verschaffen uns einen genauen \u00dcberblick \u00fcber die Systematik Ihres bisherigen Archivs und erstellen dann einen detaillierten Logistikplan. Mit Hilfe unseres professionellen Equipments gew\u00e4hrleisten wir den Transport und stellen [&hellip;]<\/p>\n","protected":false},"author":1,"featured_media":119,"parent":0,"menu_order":0,"comment_status":"closed","ping_status":"closed","template":"","meta":{"footnotes":""},"class_list":["post-14","page","type-page","status-publish","has-post-thumbnail","hentry"],"_links":{"self":[{"href":"https:\/\/aml-logistik.de\/en\/wp-json\/wp\/v2\/pages\/14","targetHints":{"allow":["GET"]}}],"collection":[{"href":"https:\/\/aml-logistik.de\/en\/wp-json\/wp\/v2\/pages"}],"about":[{"href":"https:\/\/aml-logistik.de\/en\/wp-json\/wp\/v2\/types\/page"}],"author":[{"embeddable":true,"href":"https:\/\/aml-logistik.de\/en\/wp-json\/wp\/v2\/users\/1"}],"replies":[{"embeddable":true,"href":"https:\/\/aml-logistik.de\/en\/wp-json\/wp\/v2\/comments?post=14"}],"version-history":[{"count":2,"href":"https:\/\/aml-logistik.de\/en\/wp-json\/wp\/v2\/pages\/14\/revisions"}],"predecessor-version":[{"id":185,"href":"https:\/\/aml-logistik.de\/en\/wp-json\/wp\/v2\/pages\/14\/revisions\/185"}],"wp:featuredmedia":[{"embeddable":true,"href":"https:\/\/aml-logistik.de\/en\/wp-json\/wp\/v2\/media\/119"}],"wp:attachment":[{"href":"https:\/\/aml-logistik.de\/en\/wp-json\/wp\/v2\/media?parent=14"}],"curies":[{"name":"wp","href":"https:\/\/api.w.org\/{rel}","templated":true}]}}