{"id":17,"date":"2023-03-10T08:56:53","date_gmt":"2023-03-10T08:56:53","guid":{"rendered":"https:\/\/aml-logistik.de\/?page_id=17"},"modified":"2023-04-21T10:03:31","modified_gmt":"2023-04-21T10:03:31","slug":"materiallogistik","status":"publish","type":"page","link":"https:\/\/aml-logistik.de\/en\/materiallogistik\/","title":{"rendered":"Supplying your company"},"content":{"rendered":"<p class=\"translation-block\">When your company grows, your stores grow with you. Stationery cupboards become rooms stocked with hundreds of different items that need to be inventoried and ordered - from paperclips to staplers, from printer cartridges to letter paper. Storerooms become entire warehouses.\n\nWe can place your orders and check your inventories. If an item is about to run out, we will restock it in time. If you suddenly need a lot of a particular item for an urgent project, we can order and deliver it as quickly as you need it - overnight if necessary. And you can take advantage of the lower prices we can get for you thanks to our bulk buying.<\/p>\n\n\n\n<h3 class=\"wp-block-heading\">Your advantages through outsourcing of materials management<\/h3>\n\n\n\n<p>Letting AML supply your office can save you time, money and space.<\/p>","protected":false},"excerpt":{"rendered":"<p>Optimieren Sie Ihre Materiallogistik:&nbsp;Anstelle eines aufwendig verwalteten Lagers im eigenen Unternehmen k\u00fcmmern wir uns um Ihre Materialwirtschaft: Vom Radiergummi \u00fcber den Drucktoner bis hin zum Gesch\u00e4ftspapier, wir bevorraten, liefern und kaufen f\u00fcr Sie ein. Wir \u00fcberwachen st\u00e4ndig Ihren Bestand, und k\u00fcmmern uns immer dann um Nachschub, wenn eine kritische Menge erreicht ist. Und das bei [&hellip;]<\/p>\n","protected":false},"author":1,"featured_media":119,"parent":0,"menu_order":0,"comment_status":"closed","ping_status":"closed","template":"","meta":{"footnotes":""},"class_list":["post-17","page","type-page","status-publish","has-post-thumbnail","hentry"],"_links":{"self":[{"href":"https:\/\/aml-logistik.de\/en\/wp-json\/wp\/v2\/pages\/17","targetHints":{"allow":["GET"]}}],"collection":[{"href":"https:\/\/aml-logistik.de\/en\/wp-json\/wp\/v2\/pages"}],"about":[{"href":"https:\/\/aml-logistik.de\/en\/wp-json\/wp\/v2\/types\/page"}],"author":[{"embeddable":true,"href":"https:\/\/aml-logistik.de\/en\/wp-json\/wp\/v2\/users\/1"}],"replies":[{"embeddable":true,"href":"https:\/\/aml-logistik.de\/en\/wp-json\/wp\/v2\/comments?post=17"}],"version-history":[{"count":2,"href":"https:\/\/aml-logistik.de\/en\/wp-json\/wp\/v2\/pages\/17\/revisions"}],"predecessor-version":[{"id":186,"href":"https:\/\/aml-logistik.de\/en\/wp-json\/wp\/v2\/pages\/17\/revisions\/186"}],"wp:featuredmedia":[{"embeddable":true,"href":"https:\/\/aml-logistik.de\/en\/wp-json\/wp\/v2\/media\/119"}],"wp:attachment":[{"href":"https:\/\/aml-logistik.de\/en\/wp-json\/wp\/v2\/media?parent=17"}],"curies":[{"name":"wp","href":"https:\/\/api.w.org\/{rel}","templated":true}]}}