{"id":26,"date":"2023-03-10T09:03:58","date_gmt":"2023-03-10T09:03:58","guid":{"rendered":"https:\/\/aml-logistik.de\/?page_id=26"},"modified":"2023-04-21T10:11:24","modified_gmt":"2023-04-21T10:11:24","slug":"flexibilitat","status":"publish","type":"page","link":"https:\/\/aml-logistik.de\/en\/flexibilitat\/","title":{"rendered":"Flexibility"},"content":{"rendered":"<p><strong>Leistung, die zu Ihnen passt:<\/strong>&nbsp;Wir bieten Ihnen eine flexible und individuell auf Ihr Unternehmen abgestimmte L\u00f6sung f\u00fcr Aktenlagerung, Archivierung und Materiallogistik. Dabei analysieren wir im Vorfeld Ihre Archivorganisation und erstellen daraus ein auf Sie zugeschnittenes Organisationskonzept. \u00dcbersicht \u00fcber Ihren Aktenbestand erhalten Sie ganz einfach \u00fcber unser browser-basiertes Aktenerfassungs- und Bestellsystem.<\/p>\n\n\n\n<p>Das bedeutet f\u00fcr Sie: Auch wenn Ihr Archiv nicht mehr physisch bei Ihnen im Geb\u00e4ude ist, bleibt es doch jederzeit erreichbar. Sie k\u00f6nnen jederzeit auf die gew\u00fcnschten Unterlagen zugreifen, ohne ein eigenes Archiv vor Ort pflegen zu m\u00fcssen.<\/p>\n\n\n\n<h3 class=\"wp-block-heading\">Express-Service<\/h3>\n\n\n\n<p>Unser Express-Service macht Sie besonders flexibel<\/p>\n\n\n\n<h3 class=\"wp-block-heading\">How AML can save you money:<\/h3>\n\n\n\n<ul class=\"wp-block-list\">\n<li>Individuelle Statusanalyse<\/li>\n\n\n\n<li>Erarbeitung eines Organisationskonzeptes<\/li>\n\n\n\n<li>Individuelle Lagerm\u00f6glichkeiten f\u00fcr Akten und Materialien<\/li>\n\n\n\n<li>Lagerung in Regalen, Kartons, verplombten Beh\u00e4ltern und brandsicheren Containern<\/li>\n\n\n\n<li>Flexibler Zugriff-Service<\/li>\n\n\n\n<li>Einfache Aktenanforderung durch browserbasiertes Aktenerfassungs- und Bestellsystem<\/li>\n\n\n\n<li>Keine lokale Installation der Software notwendig<\/li>\n\n\n\n<li>Suchmaschine dynamisch und individuell ver\u00e4nderbar<\/li>\n\n\n\n<li>Bestellung einfach und schnell \u00fcber den Warenkorb<\/li>\n\n\n\n<li>Direkte Vorlage des Dokuments auf Wunsch durch \u00dcber-Nacht-Zustellung<\/li>\n<\/ul>","protected":false},"excerpt":{"rendered":"<p>Leistung, die zu Ihnen passt:&nbsp;Wir bieten Ihnen eine flexible und individuell auf Ihr Unternehmen abgestimmte L\u00f6sung f\u00fcr Aktenlagerung, Archivierung und Materiallogistik. Dabei analysieren wir im Vorfeld Ihre Archivorganisation und erstellen daraus ein auf Sie zugeschnittenes Organisationskonzept. \u00dcbersicht \u00fcber Ihren Aktenbestand erhalten Sie ganz einfach \u00fcber unser browser-basiertes Aktenerfassungs- und Bestellsystem. Das bedeutet f\u00fcr Sie: Auch [&hellip;]<\/p>\n","protected":false},"author":1,"featured_media":98,"parent":0,"menu_order":0,"comment_status":"closed","ping_status":"closed","template":"","meta":{"footnotes":""},"class_list":["post-26","page","type-page","status-publish","has-post-thumbnail","hentry"],"_links":{"self":[{"href":"https:\/\/aml-logistik.de\/en\/wp-json\/wp\/v2\/pages\/26","targetHints":{"allow":["GET"]}}],"collection":[{"href":"https:\/\/aml-logistik.de\/en\/wp-json\/wp\/v2\/pages"}],"about":[{"href":"https:\/\/aml-logistik.de\/en\/wp-json\/wp\/v2\/types\/page"}],"author":[{"embeddable":true,"href":"https:\/\/aml-logistik.de\/en\/wp-json\/wp\/v2\/users\/1"}],"replies":[{"embeddable":true,"href":"https:\/\/aml-logistik.de\/en\/wp-json\/wp\/v2\/comments?post=26"}],"version-history":[{"count":2,"href":"https:\/\/aml-logistik.de\/en\/wp-json\/wp\/v2\/pages\/26\/revisions"}],"predecessor-version":[{"id":189,"href":"https:\/\/aml-logistik.de\/en\/wp-json\/wp\/v2\/pages\/26\/revisions\/189"}],"wp:featuredmedia":[{"embeddable":true,"href":"https:\/\/aml-logistik.de\/en\/wp-json\/wp\/v2\/media\/98"}],"wp:attachment":[{"href":"https:\/\/aml-logistik.de\/en\/wp-json\/wp\/v2\/media?parent=26"}],"curies":[{"name":"wp","href":"https:\/\/api.w.org\/{rel}","templated":true}]}}