{"id":29,"date":"2023-03-10T09:05:52","date_gmt":"2023-03-10T09:05:52","guid":{"rendered":"https:\/\/aml-logistik.de\/?page_id=29"},"modified":"2023-04-21T10:12:41","modified_gmt":"2023-04-21T10:12:41","slug":"verfugbarkeit","status":"publish","type":"page","link":"https:\/\/aml-logistik.de\/en\/verfugbarkeit\/","title":{"rendered":"Accessibility"},"content":{"rendered":"<p class=\"translation-block\"><strong>Always and everywhere available:<\/strong> With our intuitive IT systems for data \ncollection, you can easily access your file management via any Internet \nbrowser. Regardless of the operating system and secured by SSL \nencryption, VPN or private server with IP-limited access, you can view \nthe documents managed by AML at any time.<\/p>\n\n\n\n<p>This means for you: You can conveniently order the required documents \nfrom your desk using the shopping basket. All stocks are immediately \navailable and can be delivered to you overnight if you wish.<\/p>","protected":false},"excerpt":{"rendered":"<p>Immer und \u00fcberall verf\u00fcgbar:&nbsp;Mit unserem intuitiven IT-System zur Datenerfassung k\u00f6nnen Sie ganz einfach per Internet-Browser auf Ihre Aktenverwaltung zugreifen. Unabh\u00e4ngig von Betriebssystemen und gesichert durch eine SSL-Verschl\u00fcsselung, VPN oder privaten Server mit IP-limitiertem Zugriff erhalten Sie jederzeit Einblick in die bei der AML verwalteten Dokumente. Das bedeutet f\u00fcr Sie: Sie bestellen die ben\u00f6tigten Dokumente \u00fcber [&hellip;]<\/p>\n","protected":false},"author":1,"featured_media":98,"parent":0,"menu_order":0,"comment_status":"closed","ping_status":"closed","template":"","meta":{"footnotes":""},"class_list":["post-29","page","type-page","status-publish","has-post-thumbnail","hentry"],"_links":{"self":[{"href":"https:\/\/aml-logistik.de\/en\/wp-json\/wp\/v2\/pages\/29","targetHints":{"allow":["GET"]}}],"collection":[{"href":"https:\/\/aml-logistik.de\/en\/wp-json\/wp\/v2\/pages"}],"about":[{"href":"https:\/\/aml-logistik.de\/en\/wp-json\/wp\/v2\/types\/page"}],"author":[{"embeddable":true,"href":"https:\/\/aml-logistik.de\/en\/wp-json\/wp\/v2\/users\/1"}],"replies":[{"embeddable":true,"href":"https:\/\/aml-logistik.de\/en\/wp-json\/wp\/v2\/comments?post=29"}],"version-history":[{"count":2,"href":"https:\/\/aml-logistik.de\/en\/wp-json\/wp\/v2\/pages\/29\/revisions"}],"predecessor-version":[{"id":191,"href":"https:\/\/aml-logistik.de\/en\/wp-json\/wp\/v2\/pages\/29\/revisions\/191"}],"wp:featuredmedia":[{"embeddable":true,"href":"https:\/\/aml-logistik.de\/en\/wp-json\/wp\/v2\/media\/98"}],"wp:attachment":[{"href":"https:\/\/aml-logistik.de\/en\/wp-json\/wp\/v2\/media?parent=29"}],"curies":[{"name":"wp","href":"https:\/\/api.w.org\/{rel}","templated":true}]}}