{"id":32,"date":"2023-03-10T09:07:48","date_gmt":"2023-03-10T09:07:48","guid":{"rendered":"https:\/\/aml-logistik.de\/?page_id=32"},"modified":"2023-04-21T10:12:32","modified_gmt":"2023-04-21T10:12:32","slug":"express-service","status":"publish","type":"page","link":"https:\/\/aml-logistik.de\/en\/express-service\/","title":{"rendered":"Express Service"},"content":{"rendered":"<p class=\"translation-block\">A single phone call, fax or e-mail is all it takes. Our <strong>Express Service<\/strong> \nwill find your document and send it to you. In whatever form you \nrequire. As quickly as humanly possible. To wherever you may happen to \nbe.<\/p>\n\n\n\n<h3 class=\"wp-block-heading\">Benefits of Express Service<\/h3>\n\n\n\n<p>This means for you: Although the archive is no longer with you, the \ndistances are similarly short and all documents are always available to \nyou. You take care of your business, we take care of the details.<\/p>","protected":false},"excerpt":{"rendered":"<p>Bei Abruf Lieferung:&nbsp;Flexibilit\u00e4t bedeutet, dass Sie auch dann jederzeit auf Ihr Archiv zugreifen k\u00f6nnen, wenn es nicht bei Ihnen steht. Ein Anruf, ein Fax oder eine Email gen\u00fcgt, und wir suchen das Dokument heraus, digitalisieren oder faxen es. Das gilt selbstverst\u00e4ndlich auch in der Materiallogistik: Sollten Ihnen Toner oder Briefpapier ausgehen, dann liefern wir in [&hellip;]<\/p>\n","protected":false},"author":1,"featured_media":98,"parent":0,"menu_order":0,"comment_status":"closed","ping_status":"closed","template":"","meta":{"footnotes":""},"class_list":["post-32","page","type-page","status-publish","has-post-thumbnail","hentry"],"_links":{"self":[{"href":"https:\/\/aml-logistik.de\/en\/wp-json\/wp\/v2\/pages\/32","targetHints":{"allow":["GET"]}}],"collection":[{"href":"https:\/\/aml-logistik.de\/en\/wp-json\/wp\/v2\/pages"}],"about":[{"href":"https:\/\/aml-logistik.de\/en\/wp-json\/wp\/v2\/types\/page"}],"author":[{"embeddable":true,"href":"https:\/\/aml-logistik.de\/en\/wp-json\/wp\/v2\/users\/1"}],"replies":[{"embeddable":true,"href":"https:\/\/aml-logistik.de\/en\/wp-json\/wp\/v2\/comments?post=32"}],"version-history":[{"count":2,"href":"https:\/\/aml-logistik.de\/en\/wp-json\/wp\/v2\/pages\/32\/revisions"}],"predecessor-version":[{"id":190,"href":"https:\/\/aml-logistik.de\/en\/wp-json\/wp\/v2\/pages\/32\/revisions\/190"}],"wp:featuredmedia":[{"embeddable":true,"href":"https:\/\/aml-logistik.de\/en\/wp-json\/wp\/v2\/media\/98"}],"wp:attachment":[{"href":"https:\/\/aml-logistik.de\/en\/wp-json\/wp\/v2\/media?parent=32"}],"curies":[{"name":"wp","href":"https:\/\/api.w.org\/{rel}","templated":true}]}}