{"id":38,"date":"2023-03-10T09:11:23","date_gmt":"2023-03-10T09:11:23","guid":{"rendered":"https:\/\/aml-logistik.de\/?page_id=38"},"modified":"2023-03-16T10:48:39","modified_gmt":"2023-03-16T10:48:39","slug":"paul-v-maur-gmbh-int-sped","status":"publish","type":"page","link":"https:\/\/aml-logistik.de\/en\/paul-v-maur-gmbh-int-sped\/","title":{"rendered":"Paul v. Maur GmbH, Int. Sped."},"content":{"rendered":"<h4 class=\"wp-block-heading\">AML Partner in Kesselsdorf\/Dresden<\/h4>\n\n\n\n<p>The logistics experts Paul v. Maur offer a wide range of services. From office removals in Germany, Europe and beyond, to the transport of heavy goods. From standard container storage to secure refrigerated warehouses.&nbsp;<br>Das breite Leistungsspektrum der Logistikfachleute erstreckt sich von Gro\u00dfumz\u00fcgen, Haushaltsumz\u00fcgen im In- und Ausland sowie nach \u00dcbersee, der Kunstlogistik, \u00fcber die&nbsp; Archiv- und Materiallogistik bis hin zum G\u00fcter- und Materialumschlag.<\/p>\n\n\n\n<p>Paul v. Maur\u2019s membership of the UTS Removal and Transport Systems Network (Umzugs- und Transport-Systeme GmbH) is a guarantee of the high quality of their services.<\/p>\n\n\n\n<p class=\"translation-block\">Thorough consultation and meticulous ensure successful co-operation.<\/p>\n\n\n\n<h3 class=\"wp-block-heading\">Services:<\/h3>\n\n\n\n<ul class=\"wp-block-list\">\n<li>Relocations and archive logistics<br>+ Consulting and planning<\/li>\n\n\n\n<li>Art logistics<br>+ Customs service<\/li>\n\n\n\n<li>Worldwide removals<br>+ Relocation services<\/li>\n\n\n\n<li class=\"translation-block\">Warehouse and material logistics<\/li>\n<\/ul>","protected":false},"excerpt":{"rendered":"<p>AML Partner in Kesselsdorf\/Dresden Gr\u00fcndliche Beratung, gute Planung, sorgf\u00e4ltig arbeitende, geschulte Mitarbeiterinnen und Mitarbeiter und eine intensive Kommunikation mit den Kunden sind seit Jahrzehnten die Grundlage von Paul v. Maur.&nbsp;Das breite Leistungsspektrum der Logistikfachleute erstreckt sich von Gro\u00dfumz\u00fcgen, Haushaltsumz\u00fcgen im In- und Ausland sowie nach \u00dcbersee, der Kunstlogistik, \u00fcber die&nbsp; Archiv- und Materiallogistik bis hin [&hellip;]<\/p>\n","protected":false},"author":1,"featured_media":83,"parent":0,"menu_order":0,"comment_status":"closed","ping_status":"closed","template":"","meta":{"footnotes":""},"class_list":["post-38","page","type-page","status-publish","has-post-thumbnail","hentry"],"_links":{"self":[{"href":"https:\/\/aml-logistik.de\/en\/wp-json\/wp\/v2\/pages\/38","targetHints":{"allow":["GET"]}}],"collection":[{"href":"https:\/\/aml-logistik.de\/en\/wp-json\/wp\/v2\/pages"}],"about":[{"href":"https:\/\/aml-logistik.de\/en\/wp-json\/wp\/v2\/types\/page"}],"author":[{"embeddable":true,"href":"https:\/\/aml-logistik.de\/en\/wp-json\/wp\/v2\/users\/1"}],"replies":[{"embeddable":true,"href":"https:\/\/aml-logistik.de\/en\/wp-json\/wp\/v2\/comments?post=38"}],"version-history":[{"count":4,"href":"https:\/\/aml-logistik.de\/en\/wp-json\/wp\/v2\/pages\/38\/revisions"}],"predecessor-version":[{"id":84,"href":"https:\/\/aml-logistik.de\/en\/wp-json\/wp\/v2\/pages\/38\/revisions\/84"}],"wp:featuredmedia":[{"embeddable":true,"href":"https:\/\/aml-logistik.de\/en\/wp-json\/wp\/v2\/media\/83"}],"wp:attachment":[{"href":"https:\/\/aml-logistik.de\/en\/wp-json\/wp\/v2\/media?parent=38"}],"curies":[{"name":"wp","href":"https:\/\/api.w.org\/{rel}","templated":true}]}}