{"id":47,"date":"2023-03-10T09:37:09","date_gmt":"2023-03-10T09:37:09","guid":{"rendered":"https:\/\/aml-logistik.de\/?page_id=47"},"modified":"2025-12-12T14:39:51","modified_gmt":"2025-12-12T13:39:51","slug":"servlog-gmbh-co-kg","status":"publish","type":"page","link":"https:\/\/aml-logistik.de\/en\/servlog-gmbh-co-kg\/","title":{"rendered":"SERVLOG GmbH &amp; Co. KG"},"content":{"rendered":"<h4 class=\"wp-block-heading\">AML Partner in Oldenburg<\/h4>\n\n\n\n<p>Sie ben\u00f6tigen professionelle Leistungen im Bereich Akten- und Materiallogistik, die individuell auf Ihre Bed\u00fcrfnisse eingehen? Wir von SERVLOG GmbH &amp; Co. KG bieten Ihnen professionelle und intelligente Logistikl\u00f6sungen f\u00fcr Ihre Aktenlagerung und Materialarchive. Sehen Sie sich auf unserer Webseite um und \u00fcberzeugen Sie sich von unserem Angebot.<\/p>\n\n\n\n<p>Servlog also offer professional document destruction, round-the-clock supply logistics, and archive and office removal.<\/p>\n\n\n\n<p>As logistics experts Servlog also offer container storage of documents and libraries.<\/p>\n\n\n\n<h3 class=\"wp-block-heading\">Services:<\/h3>\n\n\n\n<ul class=\"wp-block-list\">\n<li>File storage<\/li>\n\n\n\n<li>Digitalization<\/li>\n\n\n\n<li>Office supplies<\/li>\n\n\n\n<li>Materials management<\/li>\n\n\n\n<li>Courier service<\/li>\n\n\n\n<li>Moving and furniture storage<\/li>\n<\/ul>","protected":false},"excerpt":{"rendered":"<p>AML Partner in Oldenburg Sie ben\u00f6tigen professionelle Leistungen im Bereich Akten- und Materiallogistik, die individuell auf Ihre Bed\u00fcrfnisse eingehen? Wir von SERVLOG GmbH &amp; Co. KG bieten Ihnen professionelle und intelligente Logistikl\u00f6sungen f\u00fcr Ihre Aktenlagerung und Materialarchive. Sehen Sie sich auf unserer Webseite um und \u00fcberzeugen Sie sich von unserem Angebot. Das Know-How in Bezug [&hellip;]<\/p>\n","protected":false},"author":1,"featured_media":216,"parent":0,"menu_order":0,"comment_status":"closed","ping_status":"closed","template":"","meta":{"footnotes":""},"class_list":["post-47","page","type-page","status-publish","has-post-thumbnail","hentry"],"_links":{"self":[{"href":"https:\/\/aml-logistik.de\/en\/wp-json\/wp\/v2\/pages\/47","targetHints":{"allow":["GET"]}}],"collection":[{"href":"https:\/\/aml-logistik.de\/en\/wp-json\/wp\/v2\/pages"}],"about":[{"href":"https:\/\/aml-logistik.de\/en\/wp-json\/wp\/v2\/types\/page"}],"author":[{"embeddable":true,"href":"https:\/\/aml-logistik.de\/en\/wp-json\/wp\/v2\/users\/1"}],"replies":[{"embeddable":true,"href":"https:\/\/aml-logistik.de\/en\/wp-json\/wp\/v2\/comments?post=47"}],"version-history":[{"count":2,"href":"https:\/\/aml-logistik.de\/en\/wp-json\/wp\/v2\/pages\/47\/revisions"}],"predecessor-version":[{"id":239,"href":"https:\/\/aml-logistik.de\/en\/wp-json\/wp\/v2\/pages\/47\/revisions\/239"}],"wp:featuredmedia":[{"embeddable":true,"href":"https:\/\/aml-logistik.de\/en\/wp-json\/wp\/v2\/media\/216"}],"wp:attachment":[{"href":"https:\/\/aml-logistik.de\/en\/wp-json\/wp\/v2\/media?parent=47"}],"curies":[{"name":"wp","href":"https:\/\/api.w.org\/{rel}","templated":true}]}}