{"id":53,"date":"2023-03-10T09:40:48","date_gmt":"2023-03-10T09:40:48","guid":{"rendered":"https:\/\/aml-logistik.de\/?page_id=53"},"modified":"2023-03-20T09:01:19","modified_gmt":"2023-03-20T09:01:19","slug":"hartmann-international-gmbh-co-kg","status":"publish","type":"page","link":"https:\/\/aml-logistik.de\/en\/hartmann-international-gmbh-co-kg\/","title":{"rendered":"Hartmann International GmbH &amp; Co. KG"},"content":{"rendered":"<h4 class=\"wp-block-heading\">AML Partner in Paderborn<\/h4>\n\n\n\n<p>This family company from Paderborn is now in its sixth generation of successful growth. 230 employees work with the company's own vehicle fleet and 30,000 square metres of warehousing on a total of ten hectares.<\/p>\n\n\n\n<p>Hartmann International has been leading the way in developing and delivering new ideas since 1856. Quality and environmental-management systems ensure a first class service. All processes are carried out according to the German industry standard DIN ISO 14001. Hartmann International was one of the very first private companies in Germany to be awarded a coveted Environment Certificate.<\/p>\n\n\n\n<h3 class=\"wp-block-heading\">Services:<\/h3>\n\n\n\n<ul class=\"wp-block-list\">\n<li>Company relocations<\/li>\n\n\n\n<li>Transports<\/li>\n\n\n\n<li>Warehouse logistics<\/li>\n\n\n\n<li>Project logistics<\/li>\n\n\n\n<li>File storage<\/li>\n\n\n\n<li>Document removal<\/li>\n<\/ul>","protected":false},"excerpt":{"rendered":"<p>AML Partner in Paderborn Hartmann International ist als mittelst\u00e4ndisches Unternehmen schon in der sechsten Generation in Familienhand. An den Standorten in Paderborn arbeiten 230 Mitarbeiter, einer eigenen Fahrzeugflotte und Logistiklagern (30.000 qm) auf einer Fl\u00e4che von 100.000 Quadratmetern. Seit der Gr\u00fcndung im Jahr 1856 profitieren Hartmann-Kunden von immer wieder neuen und innovativen L\u00f6sungen. Alle Dienstleistungen [&hellip;]<\/p>\n","protected":false},"author":1,"featured_media":134,"parent":0,"menu_order":0,"comment_status":"closed","ping_status":"closed","template":"","meta":{"footnotes":""},"class_list":["post-53","page","type-page","status-publish","has-post-thumbnail","hentry"],"_links":{"self":[{"href":"https:\/\/aml-logistik.de\/en\/wp-json\/wp\/v2\/pages\/53","targetHints":{"allow":["GET"]}}],"collection":[{"href":"https:\/\/aml-logistik.de\/en\/wp-json\/wp\/v2\/pages"}],"about":[{"href":"https:\/\/aml-logistik.de\/en\/wp-json\/wp\/v2\/types\/page"}],"author":[{"embeddable":true,"href":"https:\/\/aml-logistik.de\/en\/wp-json\/wp\/v2\/users\/1"}],"replies":[{"embeddable":true,"href":"https:\/\/aml-logistik.de\/en\/wp-json\/wp\/v2\/comments?post=53"}],"version-history":[{"count":1,"href":"https:\/\/aml-logistik.de\/en\/wp-json\/wp\/v2\/pages\/53\/revisions"}],"predecessor-version":[{"id":55,"href":"https:\/\/aml-logistik.de\/en\/wp-json\/wp\/v2\/pages\/53\/revisions\/55"}],"wp:featuredmedia":[{"embeddable":true,"href":"https:\/\/aml-logistik.de\/en\/wp-json\/wp\/v2\/media\/134"}],"wp:attachment":[{"href":"https:\/\/aml-logistik.de\/en\/wp-json\/wp\/v2\/media?parent=53"}],"curies":[{"name":"wp","href":"https:\/\/api.w.org\/{rel}","templated":true}]}}