{"id":56,"date":"2023-03-10T09:43:48","date_gmt":"2023-03-10T09:43:48","guid":{"rendered":"https:\/\/aml-logistik.de\/?page_id=56"},"modified":"2024-12-03T07:06:32","modified_gmt":"2024-12-03T06:06:32","slug":"buttkereit-logistik-gmbh-co-kg","status":"publish","type":"page","link":"https:\/\/aml-logistik.de\/en\/buttkereit-logistik-gmbh-co-kg\/","title":{"rendered":"Buttkereit Logistik GmbH &amp; Co. KG"},"content":{"rendered":"<h4 class=\"wp-block-heading\">AML Partner in Dortmund<\/h4>\n\n\n\n<p>Die Buttkereit Logistik GmbH &amp; Co. KG ist seit \u00fcber 70 Jahren ein Dortmunder Traditionsunternehmen und bietet L\u00f6sungen f\u00fcr die Organisation, Verwaltung, Lagerung und Entsorgung aktueller und archivierter Aktenbest\u00e4nde an. Scandienstleistungen (Gesamtbest\u00e4nde oder \u201eScan-on-Demand\u201c) geh\u00f6ren ebenso zum Portfolio wie Beratungst\u00e4tigkeiten auf Managementebene im Bereich der effizienten Posteingangsbearbeitung.<\/p>\n\n\n\n<p>Buttkereit Logistik verf\u00fcgt \u00fcber Lagerfl\u00e4chen von derzeit mehr als 13.000 m\u00b2 und ist in allen Bereichen T\u00dcV ISO 9001:2015 zertifiziert.<\/p>\n\n\n\n<h3 class=\"wp-block-heading\">Services:<\/h3>\n\n\n\n<ul class=\"wp-block-list\">\n<li>Archiving<\/li>\n\n\n\n<li>File storage<\/li>\n\n\n\n<li>Destroying your documents<\/li>\n\n\n\n<li>Document storage<\/li>\n\n\n\n<li>International removals<\/li>\n\n\n\n<li>Logistical consulting<\/li>\n<\/ul>\n\n\n\n<p><\/p>","protected":false},"excerpt":{"rendered":"<p>AML Partner in Dortmund Die Buttkereit Logistik GmbH &amp; Co. KG ist seit \u00fcber 70 Jahren ein Dortmunder Traditionsunternehmen und bietet L\u00f6sungen f\u00fcr die Organisation, Verwaltung, Lagerung und Entsorgung aktueller und archivierter Aktenbest\u00e4nde an. Scandienstleistungen (Gesamtbest\u00e4nde oder \u201eScan-on-Demand\u201c) geh\u00f6ren ebenso zum Portfolio wie Beratungst\u00e4tigkeiten auf Managementebene im Bereich der effizienten Posteingangsbearbeitung. Buttkereit Logistik verf\u00fcgt \u00fcber [&hellip;]<\/p>\n","protected":false},"author":1,"featured_media":213,"parent":0,"menu_order":0,"comment_status":"closed","ping_status":"closed","template":"","meta":{"footnotes":""},"class_list":["post-56","page","type-page","status-publish","has-post-thumbnail","hentry"],"_links":{"self":[{"href":"https:\/\/aml-logistik.de\/en\/wp-json\/wp\/v2\/pages\/56","targetHints":{"allow":["GET"]}}],"collection":[{"href":"https:\/\/aml-logistik.de\/en\/wp-json\/wp\/v2\/pages"}],"about":[{"href":"https:\/\/aml-logistik.de\/en\/wp-json\/wp\/v2\/types\/page"}],"author":[{"embeddable":true,"href":"https:\/\/aml-logistik.de\/en\/wp-json\/wp\/v2\/users\/1"}],"replies":[{"embeddable":true,"href":"https:\/\/aml-logistik.de\/en\/wp-json\/wp\/v2\/comments?post=56"}],"version-history":[{"count":3,"href":"https:\/\/aml-logistik.de\/en\/wp-json\/wp\/v2\/pages\/56\/revisions"}],"predecessor-version":[{"id":211,"href":"https:\/\/aml-logistik.de\/en\/wp-json\/wp\/v2\/pages\/56\/revisions\/211"}],"wp:featuredmedia":[{"embeddable":true,"href":"https:\/\/aml-logistik.de\/en\/wp-json\/wp\/v2\/media\/213"}],"wp:attachment":[{"href":"https:\/\/aml-logistik.de\/en\/wp-json\/wp\/v2\/media?parent=56"}],"curies":[{"name":"wp","href":"https:\/\/api.w.org\/{rel}","templated":true}]}}