{"id":65,"date":"2023-03-10T09:54:07","date_gmt":"2023-03-10T09:54:07","guid":{"rendered":"https:\/\/aml-logistik.de\/?page_id=65"},"modified":"2024-12-03T07:45:55","modified_gmt":"2024-12-03T06:45:55","slug":"peter-niesen-gmbh-co-int-mobelspedition-kg","status":"publish","type":"page","link":"https:\/\/aml-logistik.de\/en\/peter-niesen-gmbh-co-int-mobelspedition-kg\/","title":{"rendered":"Peter Niesen GmbH &amp; Co. Int. M\u00f6belspedition KG"},"content":{"rendered":"<h4 class=\"wp-block-heading\">AML Partner in Leverkusen<\/h4>\n\n\n\n<p>Peter Niesen have been transporting goods and providing a first-class service for their customers since 1892. The company has always been at the forefront of innovation. The current 20,000 square metres of warehousing feature air-conditioned storage and a container warehouse complete with crane track.<\/p>\n\n\n\n<p>Niesen works closely together with other logistics experts to offer complete solutions. That way customers save time and effort by only having to deal with one partner.<\/p>\n\n\n\n<h3 class=\"wp-block-heading\">Services:<\/h3>\n\n\n\n<ul class=\"wp-block-list\">\n<li>Company relocations<\/li>\n\n\n\n<li>Packaging<\/li>\n\n\n\n<li>Storage<\/li>\n\n\n\n<li>Relocation<\/li>\n\n\n\n<li>Archiving<\/li>\n\n\n\n<li>File storage \/ archiving<\/li>\n\n\n\n<li>Supplying your company<\/li>\n<\/ul>","protected":false},"excerpt":{"rendered":"<p>AML Partner in Leverkusen Seit 1892 entwickelt Peter Niesen GmbH &amp; CO. f\u00fcr unsere Kunden systematische Dienstleistungen, die den Transport vervollst\u00e4ndigen. So verbinden wir f\u00fcr Sie Tradition und Innovation. Das Unternehmen hat im Laufe der Jahrhunderte viele Entwicklungsschritte mitgemacht und war hinsichtlich Innovationen immer am Pulsschlag des Zeitgeistes. Besonderes Augenmerk gilt der Lagerung anvertrauter Gegenst\u00e4nde [&hellip;]<\/p>\n","protected":false},"author":1,"featured_media":214,"parent":0,"menu_order":0,"comment_status":"closed","ping_status":"closed","template":"","meta":{"footnotes":""},"class_list":["post-65","page","type-page","status-publish","has-post-thumbnail","hentry"],"_links":{"self":[{"href":"https:\/\/aml-logistik.de\/en\/wp-json\/wp\/v2\/pages\/65","targetHints":{"allow":["GET"]}}],"collection":[{"href":"https:\/\/aml-logistik.de\/en\/wp-json\/wp\/v2\/pages"}],"about":[{"href":"https:\/\/aml-logistik.de\/en\/wp-json\/wp\/v2\/types\/page"}],"author":[{"embeddable":true,"href":"https:\/\/aml-logistik.de\/en\/wp-json\/wp\/v2\/users\/1"}],"replies":[{"embeddable":true,"href":"https:\/\/aml-logistik.de\/en\/wp-json\/wp\/v2\/comments?post=65"}],"version-history":[{"count":1,"href":"https:\/\/aml-logistik.de\/en\/wp-json\/wp\/v2\/pages\/65\/revisions"}],"predecessor-version":[{"id":67,"href":"https:\/\/aml-logistik.de\/en\/wp-json\/wp\/v2\/pages\/65\/revisions\/67"}],"wp:featuredmedia":[{"embeddable":true,"href":"https:\/\/aml-logistik.de\/en\/wp-json\/wp\/v2\/media\/214"}],"wp:attachment":[{"href":"https:\/\/aml-logistik.de\/en\/wp-json\/wp\/v2\/media?parent=65"}],"curies":[{"name":"wp","href":"https:\/\/api.w.org\/{rel}","templated":true}]}}