{"id":68,"date":"2023-03-10T09:56:36","date_gmt":"2023-03-10T09:56:36","guid":{"rendered":"https:\/\/aml-logistik.de\/?page_id=68"},"modified":"2023-03-16T16:31:06","modified_gmt":"2023-03-16T16:31:06","slug":"paul-v-maur-gmbh","status":"publish","type":"page","link":"https:\/\/aml-logistik.de\/en\/paul-v-maur-gmbh\/","title":{"rendered":"Paul v. Maur GmbH"},"content":{"rendered":"<h4 class=\"wp-block-heading\">AML Partner in Stuttgart<\/h4>\n\n\n\n<p>The logistics experts Paul v. Maur offer a wide range of services. From office removals in Germany, Europe and beyond, to the transport of heavy goods. From standard container storage to secure refrigerated warehouses.\u00a0<br>Das breite Leistungsspektrum der Logistikfachleute erstreckt sich von Gro\u00dfumz\u00fcgen, Haushaltsumz\u00fcgen im In- und Ausland sowie nach \u00dcbersee, der Kunstlogistik, \u00fcber die\u00a0 Archiv- und Materiallogistik bis hin zum G\u00fcter- und Materialumschlag.\u00a0<\/p>\n\n\n\n<p>Paul v. Maur\u2019s membership of the UTS Removal and Transport Systems Network (Umzugs- und Transport-Systeme GmbH) is a guarantee of the high quality of their services.<\/p>\n\n\n\n<p class=\"translation-block\">Thorough consultation and meticulous ensure successful co-operation.<\/p>\n\n\n\n<h3 class=\"wp-block-heading\">Services:<\/h3>\n\n\n\n<ul class=\"wp-block-list\">\n<li>Relocations and archive logistics<br>+ Consulting and planning<\/li>\n\n\n\n<li>Art logistics<br>+ Customs service<\/li>\n\n\n\n<li>Worldwide removals<br>+ Relocation services<\/li>\n\n\n\n<li class=\"translation-block\">Warehouse and material logistics<\/li>\n<\/ul>","protected":false},"excerpt":{"rendered":"<p>AML Partner in Stuttgart Gr\u00fcndliche Beratung, gute Planung, sorgf\u00e4ltig arbeitende, geschulte Mitarbeiterinnen und Mitarbeiter und eine intensive Kommunikation mit den Kunden sind seit Jahrzehnten die Grundlage von Paul v. Maur.\u00a0Das breite Leistungsspektrum der Logistikfachleute erstreckt sich von Gro\u00dfumz\u00fcgen, Haushaltsumz\u00fcgen im In- und Ausland sowie nach \u00dcbersee, der Kunstlogistik, \u00fcber die\u00a0 Archiv- und Materiallogistik bis hin [&hellip;]<\/p>\n","protected":false},"author":1,"featured_media":0,"parent":0,"menu_order":0,"comment_status":"closed","ping_status":"closed","template":"","meta":{"footnotes":""},"class_list":["post-68","page","type-page","status-publish","hentry"],"_links":{"self":[{"href":"https:\/\/aml-logistik.de\/en\/wp-json\/wp\/v2\/pages\/68","targetHints":{"allow":["GET"]}}],"collection":[{"href":"https:\/\/aml-logistik.de\/en\/wp-json\/wp\/v2\/pages"}],"about":[{"href":"https:\/\/aml-logistik.de\/en\/wp-json\/wp\/v2\/types\/page"}],"author":[{"embeddable":true,"href":"https:\/\/aml-logistik.de\/en\/wp-json\/wp\/v2\/users\/1"}],"replies":[{"embeddable":true,"href":"https:\/\/aml-logistik.de\/en\/wp-json\/wp\/v2\/comments?post=68"}],"version-history":[{"count":1,"href":"https:\/\/aml-logistik.de\/en\/wp-json\/wp\/v2\/pages\/68\/revisions"}],"predecessor-version":[{"id":70,"href":"https:\/\/aml-logistik.de\/en\/wp-json\/wp\/v2\/pages\/68\/revisions\/70"}],"wp:attachment":[{"href":"https:\/\/aml-logistik.de\/en\/wp-json\/wp\/v2\/media?parent=68"}],"curies":[{"name":"wp","href":"https:\/\/api.w.org\/{rel}","templated":true}]}}