{"id":71,"date":"2023-03-10T09:59:26","date_gmt":"2023-03-10T09:59:26","guid":{"rendered":"https:\/\/aml-logistik.de\/?page_id=71"},"modified":"2023-03-20T08:46:51","modified_gmt":"2023-03-20T08:46:51","slug":"georg-reischl-spedition-gmbh","status":"publish","type":"page","link":"https:\/\/aml-logistik.de\/en\/georg-reischl-spedition-gmbh\/","title":{"rendered":"Georg Reischl Spedition GmbH"},"content":{"rendered":"<h4 class=\"wp-block-heading\">AML Partner in Ebersberg\/M\u00fcnchen<\/h4>\n\n\n\n<p>Georg Reischl have been in the removal and transport business since 1962. The company has constantly kept its fleet and packing technology and methods up-to-date. It offers the highest standards in transport safety, security and efficiency. In 1988 it opened its own freight centre in Kelsterbach next to Frankfurt Airport.<br>Customers can trust Georg Reischl to plan removals professionally, and carry them out efficiently and on time. Friendly and competent customer service before, during and after the move is all part of the package.<\/p>\n\n\n\n<h3 class=\"wp-block-heading\">Services:<\/h3>\n\n\n\n<ul class=\"wp-block-list\">\n<li>Computer and high-tech products<\/li>\n\n\n\n<li>Air freight replacement services<\/li>\n\n\n\n<li>Aircraft engines<\/li>\n\n\n\n<li>machines of all sizes<\/li>\n\n\n\n<li>product picking with just-in-time delivery from our own on-demand warehouse<\/li>\n\n\n\n<li>Company moves and relocations<\/li>\n\n\n\n<li>Private removals\/regional, national and international furniture transports<\/li>\n\n\n\n<li>Intermediate storage in air-conditioned warehouses<\/li>\n\n\n\n<li>File storage<\/li>\n<\/ul>","protected":false},"excerpt":{"rendered":"<p>AML Partner in Ebersberg\/M\u00fcnchen Die Firmenphilosophie der Firma Georg Reischl Spedition lautet: Wir bewegen Werte mit Sicherheit.Langj\u00e4hrige praktische Erfahrungen des inhabergef\u00fchrten Unternehmens b\u00fcrgen f\u00fcr Qualit\u00e4t und Leistungsf\u00e4higkeit in verschiedensten Bereichen der Logistik. Kontinuierlich wird an der Weiterentwicklung und Erweiterung des gesamten Logistikangebotes gearbeitet. Leistungen (Logistik f\u00fcr):<\/p>","protected":false},"author":1,"featured_media":132,"parent":0,"menu_order":0,"comment_status":"closed","ping_status":"closed","template":"","meta":{"footnotes":""},"class_list":["post-71","page","type-page","status-publish","has-post-thumbnail","hentry"],"_links":{"self":[{"href":"https:\/\/aml-logistik.de\/en\/wp-json\/wp\/v2\/pages\/71","targetHints":{"allow":["GET"]}}],"collection":[{"href":"https:\/\/aml-logistik.de\/en\/wp-json\/wp\/v2\/pages"}],"about":[{"href":"https:\/\/aml-logistik.de\/en\/wp-json\/wp\/v2\/types\/page"}],"author":[{"embeddable":true,"href":"https:\/\/aml-logistik.de\/en\/wp-json\/wp\/v2\/users\/1"}],"replies":[{"embeddable":true,"href":"https:\/\/aml-logistik.de\/en\/wp-json\/wp\/v2\/comments?post=71"}],"version-history":[{"count":1,"href":"https:\/\/aml-logistik.de\/en\/wp-json\/wp\/v2\/pages\/71\/revisions"}],"predecessor-version":[{"id":73,"href":"https:\/\/aml-logistik.de\/en\/wp-json\/wp\/v2\/pages\/71\/revisions\/73"}],"wp:featuredmedia":[{"embeddable":true,"href":"https:\/\/aml-logistik.de\/en\/wp-json\/wp\/v2\/media\/132"}],"wp:attachment":[{"href":"https:\/\/aml-logistik.de\/en\/wp-json\/wp\/v2\/media?parent=71"}],"curies":[{"name":"wp","href":"https:\/\/api.w.org\/{rel}","templated":true}]}}